{"id":6824,"date":"2023-02-24T10:25:19","date_gmt":"2023-02-24T09:25:19","guid":{"rendered":"https:\/\/hid-ration.com\/?post_type=product&#038;p=6824"},"modified":"2023-02-27T21:52:02","modified_gmt":"2023-02-27T20:52:02","slug":"mx3-system","status":"publish","type":"product","link":"https:\/\/hid-ration.com\/en\/product\/mx3-system\/","title":{"rendered":"Hydration Testing System <\/br>MX3 Hydration"},"content":{"rendered":"<div class=\"wp-block-columns alignwide are-vertically-aligned-center is-layout-flex wp-container-core-columns-is-layout-1 wp-block-columns-is-layout-flex\"><div class=\"wp-block-column is-vertically-aligned-center is-layout-flow wp-block-column-is-layout-flow\"><figure class=\"wp-block-image size-full is-resized\"><img fetchpriority=\"high\" decoding=\"async\" class=\"wp-image-6835\" src=\"https:\/\/hid-ration.com\/wp-content\/uploads\/2023\/02\/zestaw-mx3-hydration.jpg\" alt=\"\" width=\"887\" height=\"522\" srcset=\"https:\/\/hid-ration.com\/wp-content\/uploads\/2023\/02\/zestaw-mx3-hydration.jpg 1000w, https:\/\/hid-ration.com\/wp-content\/uploads\/2023\/02\/zestaw-mx3-hydration-300x176.jpg 300w, https:\/\/hid-ration.com\/wp-content\/uploads\/2023\/02\/zestaw-mx3-hydration-768x452.jpg 768w, https:\/\/hid-ration.com\/wp-content\/uploads\/2023\/02\/zestaw-mx3-hydration-600x353.jpg 600w\" sizes=\"(max-width: 887px) 100vw, 887px\" \/><\/figure><\/div>\r\n\r\n<div class=\"wp-block-column is-vertically-aligned-center is-layout-flow wp-block-column-is-layout-flow\"><p class=\"has-nv-light-bg-color has-text-color\">The MX3 hydration testing system gives you the ability to use one device to perform two different tests in real time that tell you how much fluid to drink and what type of fluid will best replace the electrolytes you lose during exercise.<\/p>\r\n\r\n<p class=\"has-nv-light-bg-color has-text-color\">The sweat test measures sodium levels so you can replace lost electrolytes and adjust your hydration strategy with the right fluids. With MX3, you can test, track and hydrate effectively to optimize your performance and reduce injuries.<\/p><\/div><\/div><div class=\"wp-block-columns alignwide are-vertically-aligned-center is-layout-flex wp-container-core-columns-is-layout-2 wp-block-columns-is-layout-flex\"><div class=\"wp-block-column is-vertically-aligned-center is-layout-flow wp-block-column-is-layout-flow\"><p class=\"has-nv-light-bg-color has-text-color\"><strong>Portable<\/strong><\/p>\r\n\r\n<p class=\"has-nv-light-bg-color has-text-color\">MX3 LAB can be used anytime, anywhere. Simply take a quick saliva sample in the locker room or at the workstation.<\/p>\r\n\r\n<p class=\"has-nv-light-bg-color has-text-color\"><strong>Reliable<\/strong><\/p>\r\n\r\n<p class=\"has-nv-light-bg-color has-text-color\">It has been scientifically proven that MX3 LAB measures biomarkers from saliva with the same accuracy as a laboratory osmometer.<\/p>\r\n\r\n<p class=\"has-nv-light-bg-color has-text-color\"><strong>Immediate result<\/strong><\/p>\r\n\r\n<p class=\"has-nv-light-bg-color has-text-color\">Your hydration level is recorded within seconds of taking a saliva measurement, and the results are immediately sent to the app.<\/p><\/div>\r\n\r\n<div class=\"wp-block-column is-vertically-aligned-center is-layout-flow wp-block-column-is-layout-flow\"><figure class=\"wp-block-image size-large\"><img decoding=\"async\" width=\"676\" height=\"1024\" class=\"wp-image-6701\" src=\"https:\/\/hid-ration.com\/wp-content\/uploads\/2023\/02\/meterandphonetopview_details_updated1228686408-1-676x1024.png\" alt=\"\" srcset=\"https:\/\/hid-ration.com\/wp-content\/uploads\/2023\/02\/meterandphonetopview_details_updated1228686408-1-676x1024.png 676w, https:\/\/hid-ration.com\/wp-content\/uploads\/2023\/02\/meterandphonetopview_details_updated1228686408-1-198x300.png 198w, https:\/\/hid-ration.com\/wp-content\/uploads\/2023\/02\/meterandphonetopview_details_updated1228686408-1-768x1164.png 768w, https:\/\/hid-ration.com\/wp-content\/uploads\/2023\/02\/meterandphonetopview_details_updated1228686408-1-1014x1536.png 1014w, https:\/\/hid-ration.com\/wp-content\/uploads\/2023\/02\/meterandphonetopview_details_updated1228686408-1-600x909.png 600w, https:\/\/hid-ration.com\/wp-content\/uploads\/2023\/02\/meterandphonetopview_details_updated1228686408-1.png 1200w\" sizes=\"(max-width: 676px) 100vw, 676px\" \/><\/figure><\/div>\r\n\r\n<div class=\"wp-block-column is-vertically-aligned-center has-nv-light-bg-color has-text-color is-layout-flow wp-block-column-is-layout-flow\"><p><strong>Reusable<\/strong><\/p>\r\n\r\n<p>MX3 LAB can be used over and over by one person or entire teams. Simply replace the disposable test strip after each measurement.<\/p>\r\n\r\n<p><strong>Easy to use<\/strong><\/p>\r\n\r\n<p>The test strips are easily loaded into the MX3 LAB, and saliva is measured by simply placing the strip on the tip of the tongue.<\/p>\r\n\r\n<p><strong>Ability to work offline<\/strong><\/p>\r\n\r\n<p>The MX3 LAB can also be used without a Bluetooth connection or Internet access. Measurements can be taken anytime and anywhere to get an instant reading, and then saved for later transfer.<\/p><\/div><\/div><p>&nbsp;<\/p><div class=\"wp-block-columns is-layout-flex wp-container-core-columns-is-layout-3 wp-block-columns-is-layout-flex\"><div class=\"wp-block-column is-layout-flow wp-block-column-is-layout-flow\"><div class=\"wp-block-media-text has-media-on-the-right is-stacked-on-mobile has-nv-text-dark-bg-background-color has-background\" style=\"grid-template-columns: auto 30%;\">\r\n<div class=\"wp-block-media-text__content\"><div class=\"wp-block-group\" style=\"padding: 2em;\"><div class=\"wp-block-group__inner-container is-layout-flow wp-block-group-is-layout-flow\"><p class=\"has-nv-light-bg-color has-text-color has-medium-font-size\" style=\"line-height: 1.2;\"><strong>For managers<\/strong><\/p>\r\n\r\n<p class=\"has-nv-light-bg-color has-text-color has-extra-small-font-size\">\u015aled\u017a i analizuj zestawienie wynik\u00f3w indywidualnego nawodnienia w 4 kategoriach, w wybranym okresie czasu, a tak\u017ce dodaj dane osobowe i pomiary bazowe dla ka\u017cdego pracownika.<\/p><\/div><\/div><\/div>\r\n<figure class=\"wp-block-media-text__media\"><img decoding=\"async\" width=\"569\" height=\"1024\" class=\"wp-image-6843 size-full\" src=\"https:\/\/hid-ration.com\/wp-content\/uploads\/2023\/02\/admin1527269842-569x1024.png\" alt=\"\" srcset=\"https:\/\/hid-ration.com\/wp-content\/uploads\/2023\/02\/admin1527269842-569x1024.png 569w, https:\/\/hid-ration.com\/wp-content\/uploads\/2023\/02\/admin1527269842-167x300.png 167w, https:\/\/hid-ration.com\/wp-content\/uploads\/2023\/02\/admin1527269842-768x1382.png 768w, https:\/\/hid-ration.com\/wp-content\/uploads\/2023\/02\/admin1527269842-854x1536.png 854w, https:\/\/hid-ration.com\/wp-content\/uploads\/2023\/02\/admin1527269842-1138x2048.png 1138w, https:\/\/hid-ration.com\/wp-content\/uploads\/2023\/02\/admin1527269842-600x1079.png 600w, https:\/\/hid-ration.com\/wp-content\/uploads\/2023\/02\/admin1527269842.png 1678w\" sizes=\"(max-width: 569px) 100vw, 569px\" \/><\/figure>\r\n<\/div>\r\n\r\n<div class=\"wp-block-media-text is-stacked-on-mobile has-nv-text-dark-bg-background-color has-background\" style=\"grid-template-columns: 30% auto;\">\r\n<figure class=\"wp-block-media-text__media\"><img loading=\"lazy\" decoding=\"async\" width=\"525\" height=\"944\" class=\"wp-image-6846 size-full\" src=\"https:\/\/hid-ration.com\/wp-content\/uploads\/2023\/02\/result1370030090.png\" alt=\"\" srcset=\"https:\/\/hid-ration.com\/wp-content\/uploads\/2023\/02\/result1370030090.png 525w, https:\/\/hid-ration.com\/wp-content\/uploads\/2023\/02\/result1370030090-167x300.png 167w\" sizes=\"(max-width: 525px) 100vw, 525px\" \/><\/figure>\r\n<div class=\"wp-block-media-text__content\"><div class=\"wp-block-group\" style=\"padding: 2em;\"><div class=\"wp-block-group__inner-container is-layout-flow wp-block-group-is-layout-flow\"><p class=\"has-nv-light-bg-color has-text-color has-medium-font-size\" style=\"line-height: 1.2;\"><strong>Individual evaluation of activities<\/strong><\/p>\r\n\r\n<p class=\"has-nv-light-bg-color has-text-color has-extra-small-font-size\">Assign employees to groups according to the shift or area in which they work.<\/p><\/div><\/div><\/div>\r\n<\/div><\/div>\r\n\r\n<div class=\"wp-block-column is-layout-flow wp-block-column-is-layout-flow\"><div class=\"wp-block-media-text has-media-on-the-right is-stacked-on-mobile has-nv-text-dark-bg-background-color has-background\" style=\"grid-template-columns: auto 30%;\">\r\n<div class=\"wp-block-media-text__content\"><div class=\"wp-block-group\" style=\"padding: 2em;\"><div class=\"wp-block-group__inner-container is-layout-flow wp-block-group-is-layout-flow\"><p class=\"has-nv-light-bg-color has-text-color has-medium-font-size\" style=\"line-height: 1.2;\"><strong>Real-time results<\/strong><\/p>\r\n\r\n<p class=\"has-nv-light-bg-color has-text-color has-extra-small-font-size\">Hydration measurements are sent from MX3 LAB devices to the app where they are available in graphical form, which makes it easy to understand hydration levels. In this way, we can easily determine the current state of hydration and take immediate steps and actions.<\/p><\/div><\/div><\/div>\r\n<figure class=\"wp-block-media-text__media\"><img loading=\"lazy\" decoding=\"async\" width=\"569\" height=\"1024\" class=\"wp-image-6845 size-full\" src=\"https:\/\/hid-ration.com\/wp-content\/uploads\/2023\/02\/result_21586806714-569x1024.png\" alt=\"\" srcset=\"https:\/\/hid-ration.com\/wp-content\/uploads\/2023\/02\/result_21586806714-569x1024.png 569w, https:\/\/hid-ration.com\/wp-content\/uploads\/2023\/02\/result_21586806714-167x300.png 167w, https:\/\/hid-ration.com\/wp-content\/uploads\/2023\/02\/result_21586806714-768x1382.png 768w, https:\/\/hid-ration.com\/wp-content\/uploads\/2023\/02\/result_21586806714-854x1536.png 854w, https:\/\/hid-ration.com\/wp-content\/uploads\/2023\/02\/result_21586806714-1138x2048.png 1138w, https:\/\/hid-ration.com\/wp-content\/uploads\/2023\/02\/result_21586806714-600x1079.png 600w, https:\/\/hid-ration.com\/wp-content\/uploads\/2023\/02\/result_21586806714.png 1678w\" sizes=\"(max-width: 569px) 100vw, 569px\" \/><\/figure>\r\n<\/div>\r\n\r\n<div class=\"wp-block-media-text is-stacked-on-mobile has-nv-text-dark-bg-background-color has-background\" style=\"grid-template-columns: 30% auto;\">\r\n<figure class=\"wp-block-media-text__media\"><img loading=\"lazy\" decoding=\"async\" width=\"569\" height=\"1024\" class=\"wp-image-6844 size-full\" src=\"https:\/\/hid-ration.com\/wp-content\/uploads\/2023\/02\/history229481437-569x1024.png\" alt=\"\" srcset=\"https:\/\/hid-ration.com\/wp-content\/uploads\/2023\/02\/history229481437-569x1024.png 569w, https:\/\/hid-ration.com\/wp-content\/uploads\/2023\/02\/history229481437-167x300.png 167w, https:\/\/hid-ration.com\/wp-content\/uploads\/2023\/02\/history229481437-768x1382.png 768w, https:\/\/hid-ration.com\/wp-content\/uploads\/2023\/02\/history229481437-854x1536.png 854w, https:\/\/hid-ration.com\/wp-content\/uploads\/2023\/02\/history229481437-1138x2048.png 1138w, https:\/\/hid-ration.com\/wp-content\/uploads\/2023\/02\/history229481437-600x1079.png 600w, https:\/\/hid-ration.com\/wp-content\/uploads\/2023\/02\/history229481437.png 1678w\" sizes=\"(max-width: 569px) 100vw, 569px\" \/><\/figure>\r\n<div class=\"wp-block-media-text__content\"><div class=\"wp-block-group\" style=\"padding: 2em;\"><div class=\"wp-block-group__inner-container is-layout-flow wp-block-group-is-layout-flow\"><p class=\"has-nv-light-bg-color has-text-color has-medium-font-size\" style=\"line-height: 1.2;\"><strong>Analysis of results and reports<\/strong><\/p>\r\n\r\n<p class=\"has-nv-light-bg-color has-text-color has-extra-small-font-size\">Easy-to-read reports with customized filters give an overview of individual hydration results and across the team, as well as a history of previous measurements.<\/p><\/div><\/div><\/div>\r\n<\/div><\/div><\/div><div class=\"wp-block-columns alignwide is-layout-flex wp-container-core-columns-is-layout-4 wp-block-columns-is-layout-flex\"><div class=\"wp-block-column is-layout-flow wp-block-column-is-layout-flow\"><figure class=\"wp-block-image size-large\"><img loading=\"lazy\" decoding=\"async\" width=\"1024\" height=\"587\" class=\"wp-image-6856\" src=\"https:\/\/hid-ration.com\/wp-content\/uploads\/2023\/02\/panel-statystyk-1024x587.png\" alt=\"\" srcset=\"https:\/\/hid-ration.com\/wp-content\/uploads\/2023\/02\/panel-statystyk-1024x587.png 1024w, https:\/\/hid-ration.com\/wp-content\/uploads\/2023\/02\/panel-statystyk-300x172.png 300w, https:\/\/hid-ration.com\/wp-content\/uploads\/2023\/02\/panel-statystyk-768x440.png 768w, https:\/\/hid-ration.com\/wp-content\/uploads\/2023\/02\/panel-statystyk-1536x880.png 1536w, https:\/\/hid-ration.com\/wp-content\/uploads\/2023\/02\/panel-statystyk-600x344.png 600w, https:\/\/hid-ration.com\/wp-content\/uploads\/2023\/02\/panel-statystyk.png 1659w\" sizes=\"(max-width: 1024px) 100vw, 1024px\" \/><\/figure><\/div>\r\n\r\n<div class=\"wp-block-column is-vertically-aligned-center is-layout-flow wp-block-column-is-layout-flow\"><p class=\"has-nv-light-bg-color has-text-color has-large-font-size\"><strong>Dashboard<\/strong><\/p>\r\n\r\n<p class=\"has-nv-light-bg-color has-text-color\">Easy and intuitive, it provides a quick, reliable view of your employees' group hydration data. Identify the teams that need the most attention and intervention.<\/p><\/div><\/div><div class=\"wp-block-columns alignwide are-vertically-aligned-center is-layout-flex wp-container-core-columns-is-layout-5 wp-block-columns-is-layout-flex\"><div class=\"wp-block-column is-vertically-aligned-center is-layout-flow wp-block-column-is-layout-flow\"><p class=\"has-nv-light-bg-color has-text-color has-large-font-size\"><strong>Individual statistics<\/strong><\/p>\r\n\r\n<p class=\"has-nv-light-bg-color has-text-color\">The employee profile page displays individual hydration data. Managers can conduct a detailed analysis to determine an employee's hydration needs to maximize safety.<\/p><\/div>\r\n\r\n<div class=\"wp-block-column is-vertically-aligned-center is-layout-flow wp-block-column-is-layout-flow\"><figure class=\"wp-block-image size-large\"><img loading=\"lazy\" decoding=\"async\" width=\"1024\" height=\"587\" class=\"wp-image-6857\" src=\"https:\/\/hid-ration.com\/wp-content\/uploads\/2023\/02\/panel-administracyjny-1024x587.png\" alt=\"\" srcset=\"https:\/\/hid-ration.com\/wp-content\/uploads\/2023\/02\/panel-administracyjny-1024x587.png 1024w, https:\/\/hid-ration.com\/wp-content\/uploads\/2023\/02\/panel-administracyjny-300x172.png 300w, https:\/\/hid-ration.com\/wp-content\/uploads\/2023\/02\/panel-administracyjny-768x440.png 768w, https:\/\/hid-ration.com\/wp-content\/uploads\/2023\/02\/panel-administracyjny-1536x880.png 1536w, https:\/\/hid-ration.com\/wp-content\/uploads\/2023\/02\/panel-administracyjny-600x344.png 600w, https:\/\/hid-ration.com\/wp-content\/uploads\/2023\/02\/panel-administracyjny.png 1659w\" sizes=\"(max-width: 1024px) 100vw, 1024px\" \/><\/figure><\/div><\/div>","protected":false},"excerpt":{"rendered":"<p>System testowania nawodnienia MX3 daje mo\u017cliwo\u015b\u0107 wykorzystania jednego urz\u0105dzenia do przeprowadzania w czasie rzeczywistym dw\u00f3ch r\u00f3\u017cnych test\u00f3w, kt\u00f3re informuj\u0105 Ci\u0119, ile p\u0142yn\u00f3w nale\u017cy wypi\u0107 i jaki rodzaj p\u0142ynu najlepiej zast\u0105pi elektrolity, kt\u00f3re tracisz podczas wysi\u0142ku. Test potu mierzy poziom sodu, dzi\u0119ki czemu mo\u017cesz zast\u0105pi\u0107 utracone elektrolity i dostosowa\u0107 swoj\u0105 strategi\u0119 nawodnienia za pomoc\u0105 odpowiednich p\u0142yn\u00f3w.&hellip;&nbsp;<a href=\"https:\/\/hid-ration.com\/en\/product\/mx3-system\/\" class=\"\" rel=\"bookmark\">Read More &raquo;<span class=\"screen-reader-text\">Hydration Testing System <\/br>MX3 Hydration<\/span><\/a><\/p>","protected":false},"featured_media":6831,"template":"","meta":{"neve_meta_sidebar":"","neve_meta_container":"","neve_meta_enable_content_width":"off","neve_meta_content_width":100,"neve_meta_title_alignment":"","neve_meta_author_avatar":"","neve_post_elements_order":"","neve_meta_disable_header":"","neve_meta_disable_footer":"","neve_meta_disable_title":""},"product_brand":[],"product_cat":[43],"product_tag":[55],"class_list":{"0":"post-6824","1":"product","2":"type-product","3":"status-publish","4":"has-post-thumbnail","6":"product_cat-akcesoria","7":"product_tag-hid-system","9":"first","10":"instock","11":"taxable","12":"shipping-taxable","13":"purchasable","14":"product-type-simple"},"yoast_head":"<!-- This site is optimized with the Yoast SEO plugin v23.2 - https:\/\/yoast.com\/wordpress\/plugins\/seo\/ -->\n<title>System badania stanu nawodnienia MX3 Hydration - HID-RATION<\/title>\n<meta name=\"robots\" content=\"index, follow, max-snippet:-1, max-image-preview:large, max-video-preview:-1\" \/>\n<link rel=\"canonical\" href=\"https:\/\/hid-ration.com\/en\/product\/mx3-system\/\" \/>\n<meta property=\"og:locale\" content=\"en_GB\" \/>\n<meta property=\"og:type\" content=\"article\" \/>\n<meta property=\"og:title\" content=\"System badania stanu nawodnienia MX3 Hydration - HID-RATION\" \/>\n<meta property=\"og:description\" content=\"System testowania nawodnienia MX3 daje mo\u017cliwo\u015b\u0107 wykorzystania jednego urz\u0105dzenia do przeprowadzania w czasie rzeczywistym dw\u00f3ch r\u00f3\u017cnych test\u00f3w, kt\u00f3re informuj\u0105 Ci\u0119, ile p\u0142yn\u00f3w nale\u017cy wypi\u0107 i jaki rodzaj p\u0142ynu najlepiej zast\u0105pi elektrolity, kt\u00f3re tracisz podczas wysi\u0142ku. Test potu mierzy poziom sodu, dzi\u0119ki czemu mo\u017cesz zast\u0105pi\u0107 utracone elektrolity i dostosowa\u0107 swoj\u0105 strategi\u0119 nawodnienia za pomoc\u0105 odpowiednich p\u0142yn\u00f3w.&hellip;&nbsp;Read More &raquo;System badania stanu nawodnienia MX3 Hydration\" \/>\n<meta property=\"og:url\" content=\"https:\/\/hid-ration.com\/en\/product\/mx3-system\/\" \/>\n<meta property=\"og:site_name\" content=\"HID-RATION\" \/>\n<meta property=\"article:modified_time\" content=\"2023-02-27T20:52:02+00:00\" \/>\n<meta property=\"og:image\" content=\"https:\/\/hid-ration.com\/wp-content\/uploads\/2023\/02\/zestaw.jpg\" \/>\n\t<meta property=\"og:image:width\" content=\"1000\" \/>\n\t<meta property=\"og:image:height\" content=\"1000\" \/>\n\t<meta property=\"og:image:type\" content=\"image\/jpeg\" \/>\n<meta name=\"twitter:card\" content=\"summary_large_image\" \/>\n<meta name=\"twitter:label1\" content=\"Estimated reading time\" \/>\n\t<meta name=\"twitter:data1\" content=\"2 minutes\" \/>\n<script type=\"application\/ld+json\" class=\"yoast-schema-graph\">{\"@context\":\"https:\/\/schema.org\",\"@graph\":[{\"@type\":\"WebPage\",\"@id\":\"https:\/\/hid-ration.com\/produkt\/mx3-system\/\",\"url\":\"https:\/\/hid-ration.com\/produkt\/mx3-system\/\",\"name\":\"System badania stanu nawodnienia MX3 Hydration - HID-RATION\",\"isPartOf\":{\"@id\":\"https:\/\/hid-ration.com\/#website\"},\"primaryImageOfPage\":{\"@id\":\"https:\/\/hid-ration.com\/produkt\/mx3-system\/#primaryimage\"},\"image\":{\"@id\":\"https:\/\/hid-ration.com\/produkt\/mx3-system\/#primaryimage\"},\"thumbnailUrl\":\"https:\/\/hid-ration.com\/wp-content\/uploads\/2023\/02\/zestaw.jpg\",\"datePublished\":\"2023-02-24T09:25:19+00:00\",\"dateModified\":\"2023-02-27T20:52:02+00:00\",\"breadcrumb\":{\"@id\":\"https:\/\/hid-ration.com\/produkt\/mx3-system\/#breadcrumb\"},\"inLanguage\":\"en-GB\",\"potentialAction\":[{\"@type\":\"ReadAction\",\"target\":[\"https:\/\/hid-ration.com\/produkt\/mx3-system\/\"]}]},{\"@type\":\"ImageObject\",\"inLanguage\":\"en-GB\",\"@id\":\"https:\/\/hid-ration.com\/produkt\/mx3-system\/#primaryimage\",\"url\":\"https:\/\/hid-ration.com\/wp-content\/uploads\/2023\/02\/zestaw.jpg\",\"contentUrl\":\"https:\/\/hid-ration.com\/wp-content\/uploads\/2023\/02\/zestaw.jpg\",\"width\":1000,\"height\":1000},{\"@type\":\"BreadcrumbList\",\"@id\":\"https:\/\/hid-ration.com\/produkt\/mx3-system\/#breadcrumb\",\"itemListElement\":[{\"@type\":\"ListItem\",\"position\":1,\"name\":\"Strona g\u0142\u00f3wna\",\"item\":\"https:\/\/hid-ration.com\/\"},{\"@type\":\"ListItem\",\"position\":2,\"name\":\"SKLEP\",\"item\":\"https:\/\/hid-ration.com\/sklep\/\"},{\"@type\":\"ListItem\",\"position\":3,\"name\":\"System badania stanu nawodnienia MX3 Hydration\"}]},{\"@type\":\"WebSite\",\"@id\":\"https:\/\/hid-ration.com\/#website\",\"url\":\"https:\/\/hid-ration.com\/\",\"name\":\"HID-RATION\",\"description\":\"Hipotonik, elektrolity, minera\u0142y. Gdy sama woda, to za ma\u0142o.\",\"publisher\":{\"@id\":\"https:\/\/hid-ration.com\/#organization\"},\"potentialAction\":[{\"@type\":\"SearchAction\",\"target\":{\"@type\":\"EntryPoint\",\"urlTemplate\":\"https:\/\/hid-ration.com\/?s={search_term_string}\"},\"query-input\":\"required name=search_term_string\"}],\"inLanguage\":\"en-GB\"},{\"@type\":\"Organization\",\"@id\":\"https:\/\/hid-ration.com\/#organization\",\"name\":\"HID-RATION\",\"url\":\"https:\/\/hid-ration.com\/\",\"logo\":{\"@type\":\"ImageObject\",\"inLanguage\":\"en-GB\",\"@id\":\"https:\/\/hid-ration.com\/#\/schema\/logo\/image\/\",\"url\":\"https:\/\/hid-ration.com\/wp-content\/uploads\/2022\/04\/hid-ration.png\",\"contentUrl\":\"https:\/\/hid-ration.com\/wp-content\/uploads\/2022\/04\/hid-ration.png\",\"width\":125,\"height\":125,\"caption\":\"HID-RATION\"},\"image\":{\"@id\":\"https:\/\/hid-ration.com\/#\/schema\/logo\/image\/\"}}]}<\/script>\n<!-- \/ Yoast SEO plugin. -->","yoast_head_json":{"title":"System badania stanu nawodnienia MX3 Hydration - HID-RATION","robots":{"index":"index","follow":"follow","max-snippet":"max-snippet:-1","max-image-preview":"max-image-preview:large","max-video-preview":"max-video-preview:-1"},"canonical":"https:\/\/hid-ration.com\/en\/product\/mx3-system\/","og_locale":"en_GB","og_type":"article","og_title":"System badania stanu nawodnienia MX3 Hydration - HID-RATION","og_description":"System testowania nawodnienia MX3 daje mo\u017cliwo\u015b\u0107 wykorzystania jednego urz\u0105dzenia do przeprowadzania w czasie rzeczywistym dw\u00f3ch r\u00f3\u017cnych test\u00f3w, kt\u00f3re informuj\u0105 Ci\u0119, ile p\u0142yn\u00f3w nale\u017cy wypi\u0107 i jaki rodzaj p\u0142ynu najlepiej zast\u0105pi elektrolity, kt\u00f3re tracisz podczas wysi\u0142ku. Test potu mierzy poziom sodu, dzi\u0119ki czemu mo\u017cesz zast\u0105pi\u0107 utracone elektrolity i dostosowa\u0107 swoj\u0105 strategi\u0119 nawodnienia za pomoc\u0105 odpowiednich p\u0142yn\u00f3w.&hellip;&nbsp;Read More &raquo;System badania stanu nawodnienia MX3 Hydration","og_url":"https:\/\/hid-ration.com\/en\/product\/mx3-system\/","og_site_name":"HID-RATION","article_modified_time":"2023-02-27T20:52:02+00:00","og_image":[{"width":1000,"height":1000,"url":"https:\/\/hid-ration.com\/wp-content\/uploads\/2023\/02\/zestaw.jpg","type":"image\/jpeg"}],"twitter_card":"summary_large_image","twitter_misc":{"Estimated reading time":"2 minutes"},"schema":{"@context":"https:\/\/schema.org","@graph":[{"@type":"WebPage","@id":"https:\/\/hid-ration.com\/produkt\/mx3-system\/","url":"https:\/\/hid-ration.com\/produkt\/mx3-system\/","name":"System badania stanu nawodnienia MX3 Hydration - HID-RATION","isPartOf":{"@id":"https:\/\/hid-ration.com\/#website"},"primaryImageOfPage":{"@id":"https:\/\/hid-ration.com\/produkt\/mx3-system\/#primaryimage"},"image":{"@id":"https:\/\/hid-ration.com\/produkt\/mx3-system\/#primaryimage"},"thumbnailUrl":"https:\/\/hid-ration.com\/wp-content\/uploads\/2023\/02\/zestaw.jpg","datePublished":"2023-02-24T09:25:19+00:00","dateModified":"2023-02-27T20:52:02+00:00","breadcrumb":{"@id":"https:\/\/hid-ration.com\/produkt\/mx3-system\/#breadcrumb"},"inLanguage":"en-GB","potentialAction":[{"@type":"ReadAction","target":["https:\/\/hid-ration.com\/produkt\/mx3-system\/"]}]},{"@type":"ImageObject","inLanguage":"en-GB","@id":"https:\/\/hid-ration.com\/produkt\/mx3-system\/#primaryimage","url":"https:\/\/hid-ration.com\/wp-content\/uploads\/2023\/02\/zestaw.jpg","contentUrl":"https:\/\/hid-ration.com\/wp-content\/uploads\/2023\/02\/zestaw.jpg","width":1000,"height":1000},{"@type":"BreadcrumbList","@id":"https:\/\/hid-ration.com\/produkt\/mx3-system\/#breadcrumb","itemListElement":[{"@type":"ListItem","position":1,"name":"Strona g\u0142\u00f3wna","item":"https:\/\/hid-ration.com\/"},{"@type":"ListItem","position":2,"name":"SKLEP","item":"https:\/\/hid-ration.com\/sklep\/"},{"@type":"ListItem","position":3,"name":"System badania stanu nawodnienia MX3 Hydration"}]},{"@type":"WebSite","@id":"https:\/\/hid-ration.com\/#website","url":"https:\/\/hid-ration.com\/","name":"HID-RATION","description":"Hipotonik, elektrolity, minera\u0142y. Gdy sama woda, to za ma\u0142o.","publisher":{"@id":"https:\/\/hid-ration.com\/#organization"},"potentialAction":[{"@type":"SearchAction","target":{"@type":"EntryPoint","urlTemplate":"https:\/\/hid-ration.com\/?s={search_term_string}"},"query-input":"required name=search_term_string"}],"inLanguage":"en-GB"},{"@type":"Organization","@id":"https:\/\/hid-ration.com\/#organization","name":"HID-RATION","url":"https:\/\/hid-ration.com\/","logo":{"@type":"ImageObject","inLanguage":"en-GB","@id":"https:\/\/hid-ration.com\/#\/schema\/logo\/image\/","url":"https:\/\/hid-ration.com\/wp-content\/uploads\/2022\/04\/hid-ration.png","contentUrl":"https:\/\/hid-ration.com\/wp-content\/uploads\/2022\/04\/hid-ration.png","width":125,"height":125,"caption":"HID-RATION"},"image":{"@id":"https:\/\/hid-ration.com\/#\/schema\/logo\/image\/"}}]}},"_links":{"self":[{"href":"https:\/\/hid-ration.com\/en\/wp-json\/wp\/v2\/product\/6824","targetHints":{"allow":["GET"]}}],"collection":[{"href":"https:\/\/hid-ration.com\/en\/wp-json\/wp\/v2\/product"}],"about":[{"href":"https:\/\/hid-ration.com\/en\/wp-json\/wp\/v2\/types\/product"}],"wp:featuredmedia":[{"embeddable":true,"href":"https:\/\/hid-ration.com\/en\/wp-json\/wp\/v2\/media\/6831"}],"wp:attachment":[{"href":"https:\/\/hid-ration.com\/en\/wp-json\/wp\/v2\/media?parent=6824"}],"wp:term":[{"taxonomy":"product_brand","embeddable":true,"href":"https:\/\/hid-ration.com\/en\/wp-json\/wp\/v2\/product_brand?post=6824"},{"taxonomy":"product_cat","embeddable":true,"href":"https:\/\/hid-ration.com\/en\/wp-json\/wp\/v2\/product_cat?post=6824"},{"taxonomy":"product_tag","embeddable":true,"href":"https:\/\/hid-ration.com\/en\/wp-json\/wp\/v2\/product_tag?post=6824"}],"curies":[{"name":"wp","href":"https:\/\/api.w.org\/{rel}","templated":true}]}}