{"id":3325,"date":"2022-03-04T07:01:39","date_gmt":"2022-03-04T06:01:39","guid":{"rendered":"https:\/\/hid-ration.com\/?post_type=product&#038;p=3325"},"modified":"2023-08-25T12:00:20","modified_gmt":"2023-08-25T10:00:20","slug":"bidon-hid-ration","status":"publish","type":"product","link":"https:\/\/hid-ration.com\/en\/product\/bidon-hid-ration\/","title":{"rendered":"Bidon <br>HID-RATION\u2122"},"content":{"rendered":"<p>Bidon Tacx Shiva 500 ml.<br \/>\nTacx is a robust bottle with a modern design. High-quality workmanship and soft, flexible plastic are its distinguishing features. The lockable mouthpiece ensures that the bottle is watertight and prevents liquids from spilling. The cap has cut-outs to make it easy to twist on and off. Thanks to the appropriate diameter of the bottle, it is easy to fill and clean. The bottle can be washed in the dishwasher. Tacx is a Dutch leading manufacturer of sports accessories.<\/p>","protected":false},"excerpt":{"rendered":"<p>Bidon Tacx Shiva 500 ml. Tacx to wytrzyma\u0142y bidon o nowoczesnym designie. Wysoka jako\u015b\u0107 wykonania i mi\u0119kkie, elastyczne tworzywo sztuczne to jego cechy wyr\u00f3\u017cniaj\u0105ce. Zamykany ustnik z mo\u017cliwo\u015bci\u0105 blokady, zapewnia szczelno\u015b\u0107 bidonu i zapobiega wylewaniu si\u0119 p\u0142yn\u00f3w. Nakr\u0119tka posiada wyci\u0119cia u\u0142atwiaj\u0105ce zakr\u0119canie i odkr\u0119canie. Dzi\u0119ki odpowiedniej \u015brednicy bidon \u0142atwo nape\u0142ni\u0107 oraz wyczy\u015bci\u0107. Bidon nadaje si\u0119&hellip;&nbsp;<a href=\"https:\/\/hid-ration.com\/en\/product\/bidon-hid-ration\/\" class=\"\" rel=\"bookmark\">Read More &raquo;<span class=\"screen-reader-text\">Bidon <br \/>HID-RATION\u2122<\/span><\/a><\/p>","protected":false},"featured_media":6149,"template":"","meta":{"neve_meta_sidebar":"","neve_meta_container":"","neve_meta_enable_content_width":"off","neve_meta_content_width":100,"neve_meta_title_alignment":"","neve_meta_author_avatar":"","neve_post_elements_order":"","neve_meta_disable_header":"","neve_meta_disable_footer":"","neve_meta_disable_title":""},"product_brand":[],"product_cat":[43],"product_tag":[],"class_list":{"0":"post-3325","1":"product","2":"type-product","3":"status-publish","4":"has-post-thumbnail","6":"product_cat-akcesoria","8":"first","9":"instock","10":"taxable","11":"shipping-taxable","12":"purchasable","13":"product-type-simple"},"yoast_head":"<!-- This site is optimized with the Yoast SEO plugin v23.2 - https:\/\/yoast.com\/wordpress\/plugins\/seo\/ -->\n<title>Bidon HID-RATION\u2122 - HID-RATION<\/title>\n<meta name=\"robots\" content=\"index, follow, max-snippet:-1, max-image-preview:large, max-video-preview:-1\" \/>\n<link rel=\"canonical\" href=\"https:\/\/hid-ration.com\/en\/product\/bidon-hid-ration\/\" \/>\n<meta property=\"og:locale\" content=\"en_GB\" \/>\n<meta property=\"og:type\" content=\"article\" \/>\n<meta property=\"og:title\" content=\"Bidon HID-RATION\u2122 - HID-RATION\" \/>\n<meta property=\"og:description\" content=\"Bidon Tacx Shiva 500 ml. Tacx to wytrzyma\u0142y bidon o nowoczesnym designie. Wysoka jako\u015b\u0107 wykonania i mi\u0119kkie, elastyczne tworzywo sztuczne to jego cechy wyr\u00f3\u017cniaj\u0105ce. Zamykany ustnik z mo\u017cliwo\u015bci\u0105 blokady, zapewnia szczelno\u015b\u0107 bidonu i zapobiega wylewaniu si\u0119 p\u0142yn\u00f3w. Nakr\u0119tka posiada wyci\u0119cia u\u0142atwiaj\u0105ce zakr\u0119canie i odkr\u0119canie. Dzi\u0119ki odpowiedniej \u015brednicy bidon \u0142atwo nape\u0142ni\u0107 oraz wyczy\u015bci\u0107. Bidon nadaje si\u0119&hellip;&nbsp;Read More &raquo;Bidon HID-RATION\u2122\" \/>\n<meta property=\"og:url\" content=\"https:\/\/hid-ration.com\/en\/product\/bidon-hid-ration\/\" \/>\n<meta property=\"og:site_name\" content=\"HID-RATION\" \/>\n<meta property=\"article:modified_time\" content=\"2023-08-25T10:00:20+00:00\" \/>\n<meta property=\"og:image\" content=\"https:\/\/hid-ration.com\/wp-content\/uploads\/2022\/03\/bid-1-tlo.jpg\" \/>\n\t<meta property=\"og:image:width\" content=\"2000\" \/>\n\t<meta property=\"og:image:height\" content=\"2000\" \/>\n\t<meta property=\"og:image:type\" content=\"image\/jpeg\" \/>\n<meta name=\"twitter:card\" content=\"summary_large_image\" \/>\n<script type=\"application\/ld+json\" class=\"yoast-schema-graph\">{\"@context\":\"https:\/\/schema.org\",\"@graph\":[{\"@type\":\"WebPage\",\"@id\":\"https:\/\/hid-ration.com\/produkt\/bidon-hid-ration\/\",\"url\":\"https:\/\/hid-ration.com\/produkt\/bidon-hid-ration\/\",\"name\":\"Bidon HID-RATION\u2122 - HID-RATION\",\"isPartOf\":{\"@id\":\"https:\/\/hid-ration.com\/#website\"},\"primaryImageOfPage\":{\"@id\":\"https:\/\/hid-ration.com\/produkt\/bidon-hid-ration\/#primaryimage\"},\"image\":{\"@id\":\"https:\/\/hid-ration.com\/produkt\/bidon-hid-ration\/#primaryimage\"},\"thumbnailUrl\":\"https:\/\/hid-ration.com\/wp-content\/uploads\/2022\/03\/bid-1-tlo.jpg\",\"datePublished\":\"2022-03-04T06:01:39+00:00\",\"dateModified\":\"2023-08-25T10:00:20+00:00\",\"breadcrumb\":{\"@id\":\"https:\/\/hid-ration.com\/produkt\/bidon-hid-ration\/#breadcrumb\"},\"inLanguage\":\"en-GB\",\"potentialAction\":[{\"@type\":\"ReadAction\",\"target\":[\"https:\/\/hid-ration.com\/produkt\/bidon-hid-ration\/\"]}]},{\"@type\":\"ImageObject\",\"inLanguage\":\"en-GB\",\"@id\":\"https:\/\/hid-ration.com\/produkt\/bidon-hid-ration\/#primaryimage\",\"url\":\"https:\/\/hid-ration.com\/wp-content\/uploads\/2022\/03\/bid-1-tlo.jpg\",\"contentUrl\":\"https:\/\/hid-ration.com\/wp-content\/uploads\/2022\/03\/bid-1-tlo.jpg\",\"width\":2000,\"height\":2000},{\"@type\":\"BreadcrumbList\",\"@id\":\"https:\/\/hid-ration.com\/produkt\/bidon-hid-ration\/#breadcrumb\",\"itemListElement\":[{\"@type\":\"ListItem\",\"position\":1,\"name\":\"Strona g\u0142\u00f3wna\",\"item\":\"https:\/\/hid-ration.com\/\"},{\"@type\":\"ListItem\",\"position\":2,\"name\":\"SKLEP\",\"item\":\"https:\/\/hid-ration.com\/sklep\/\"},{\"@type\":\"ListItem\",\"position\":3,\"name\":\"Bidon HID-RATION\u2122\"}]},{\"@type\":\"WebSite\",\"@id\":\"https:\/\/hid-ration.com\/#website\",\"url\":\"https:\/\/hid-ration.com\/\",\"name\":\"HID-RATION\",\"description\":\"Hipotonik, elektrolity, minera\u0142y. Gdy sama woda, to za ma\u0142o.\",\"publisher\":{\"@id\":\"https:\/\/hid-ration.com\/#organization\"},\"potentialAction\":[{\"@type\":\"SearchAction\",\"target\":{\"@type\":\"EntryPoint\",\"urlTemplate\":\"https:\/\/hid-ration.com\/?s={search_term_string}\"},\"query-input\":\"required name=search_term_string\"}],\"inLanguage\":\"en-GB\"},{\"@type\":\"Organization\",\"@id\":\"https:\/\/hid-ration.com\/#organization\",\"name\":\"HID-RATION\",\"url\":\"https:\/\/hid-ration.com\/\",\"logo\":{\"@type\":\"ImageObject\",\"inLanguage\":\"en-GB\",\"@id\":\"https:\/\/hid-ration.com\/#\/schema\/logo\/image\/\",\"url\":\"https:\/\/hid-ration.com\/wp-content\/uploads\/2022\/04\/hid-ration.png\",\"contentUrl\":\"https:\/\/hid-ration.com\/wp-content\/uploads\/2022\/04\/hid-ration.png\",\"width\":125,\"height\":125,\"caption\":\"HID-RATION\"},\"image\":{\"@id\":\"https:\/\/hid-ration.com\/#\/schema\/logo\/image\/\"}}]}<\/script>\n<!-- \/ Yoast SEO plugin. -->","yoast_head_json":{"title":"Bidon HID-RATION\u2122 - HID-RATION","robots":{"index":"index","follow":"follow","max-snippet":"max-snippet:-1","max-image-preview":"max-image-preview:large","max-video-preview":"max-video-preview:-1"},"canonical":"https:\/\/hid-ration.com\/en\/product\/bidon-hid-ration\/","og_locale":"en_GB","og_type":"article","og_title":"Bidon HID-RATION\u2122 - HID-RATION","og_description":"Bidon Tacx Shiva 500 ml. Tacx to wytrzyma\u0142y bidon o nowoczesnym designie. Wysoka jako\u015b\u0107 wykonania i mi\u0119kkie, elastyczne tworzywo sztuczne to jego cechy wyr\u00f3\u017cniaj\u0105ce. Zamykany ustnik z mo\u017cliwo\u015bci\u0105 blokady, zapewnia szczelno\u015b\u0107 bidonu i zapobiega wylewaniu si\u0119 p\u0142yn\u00f3w. Nakr\u0119tka posiada wyci\u0119cia u\u0142atwiaj\u0105ce zakr\u0119canie i odkr\u0119canie. Dzi\u0119ki odpowiedniej \u015brednicy bidon \u0142atwo nape\u0142ni\u0107 oraz wyczy\u015bci\u0107. Bidon nadaje si\u0119&hellip;&nbsp;Read More &raquo;Bidon HID-RATION\u2122","og_url":"https:\/\/hid-ration.com\/en\/product\/bidon-hid-ration\/","og_site_name":"HID-RATION","article_modified_time":"2023-08-25T10:00:20+00:00","og_image":[{"width":2000,"height":2000,"url":"https:\/\/hid-ration.com\/wp-content\/uploads\/2022\/03\/bid-1-tlo.jpg","type":"image\/jpeg"}],"twitter_card":"summary_large_image","schema":{"@context":"https:\/\/schema.org","@graph":[{"@type":"WebPage","@id":"https:\/\/hid-ration.com\/produkt\/bidon-hid-ration\/","url":"https:\/\/hid-ration.com\/produkt\/bidon-hid-ration\/","name":"Bidon HID-RATION\u2122 - HID-RATION","isPartOf":{"@id":"https:\/\/hid-ration.com\/#website"},"primaryImageOfPage":{"@id":"https:\/\/hid-ration.com\/produkt\/bidon-hid-ration\/#primaryimage"},"image":{"@id":"https:\/\/hid-ration.com\/produkt\/bidon-hid-ration\/#primaryimage"},"thumbnailUrl":"https:\/\/hid-ration.com\/wp-content\/uploads\/2022\/03\/bid-1-tlo.jpg","datePublished":"2022-03-04T06:01:39+00:00","dateModified":"2023-08-25T10:00:20+00:00","breadcrumb":{"@id":"https:\/\/hid-ration.com\/produkt\/bidon-hid-ration\/#breadcrumb"},"inLanguage":"en-GB","potentialAction":[{"@type":"ReadAction","target":["https:\/\/hid-ration.com\/produkt\/bidon-hid-ration\/"]}]},{"@type":"ImageObject","inLanguage":"en-GB","@id":"https:\/\/hid-ration.com\/produkt\/bidon-hid-ration\/#primaryimage","url":"https:\/\/hid-ration.com\/wp-content\/uploads\/2022\/03\/bid-1-tlo.jpg","contentUrl":"https:\/\/hid-ration.com\/wp-content\/uploads\/2022\/03\/bid-1-tlo.jpg","width":2000,"height":2000},{"@type":"BreadcrumbList","@id":"https:\/\/hid-ration.com\/produkt\/bidon-hid-ration\/#breadcrumb","itemListElement":[{"@type":"ListItem","position":1,"name":"Strona g\u0142\u00f3wna","item":"https:\/\/hid-ration.com\/"},{"@type":"ListItem","position":2,"name":"SKLEP","item":"https:\/\/hid-ration.com\/sklep\/"},{"@type":"ListItem","position":3,"name":"Bidon HID-RATION\u2122"}]},{"@type":"WebSite","@id":"https:\/\/hid-ration.com\/#website","url":"https:\/\/hid-ration.com\/","name":"HID-RATION","description":"Hipotonik, elektrolity, minera\u0142y. Gdy sama woda, to za ma\u0142o.","publisher":{"@id":"https:\/\/hid-ration.com\/#organization"},"potentialAction":[{"@type":"SearchAction","target":{"@type":"EntryPoint","urlTemplate":"https:\/\/hid-ration.com\/?s={search_term_string}"},"query-input":"required name=search_term_string"}],"inLanguage":"en-GB"},{"@type":"Organization","@id":"https:\/\/hid-ration.com\/#organization","name":"HID-RATION","url":"https:\/\/hid-ration.com\/","logo":{"@type":"ImageObject","inLanguage":"en-GB","@id":"https:\/\/hid-ration.com\/#\/schema\/logo\/image\/","url":"https:\/\/hid-ration.com\/wp-content\/uploads\/2022\/04\/hid-ration.png","contentUrl":"https:\/\/hid-ration.com\/wp-content\/uploads\/2022\/04\/hid-ration.png","width":125,"height":125,"caption":"HID-RATION"},"image":{"@id":"https:\/\/hid-ration.com\/#\/schema\/logo\/image\/"}}]}},"_links":{"self":[{"href":"https:\/\/hid-ration.com\/en\/wp-json\/wp\/v2\/product\/3325","targetHints":{"allow":["GET"]}}],"collection":[{"href":"https:\/\/hid-ration.com\/en\/wp-json\/wp\/v2\/product"}],"about":[{"href":"https:\/\/hid-ration.com\/en\/wp-json\/wp\/v2\/types\/product"}],"wp:featuredmedia":[{"embeddable":true,"href":"https:\/\/hid-ration.com\/en\/wp-json\/wp\/v2\/media\/6149"}],"wp:attachment":[{"href":"https:\/\/hid-ration.com\/en\/wp-json\/wp\/v2\/media?parent=3325"}],"wp:term":[{"taxonomy":"product_brand","embeddable":true,"href":"https:\/\/hid-ration.com\/en\/wp-json\/wp\/v2\/product_brand?post=3325"},{"taxonomy":"product_cat","embeddable":true,"href":"https:\/\/hid-ration.com\/en\/wp-json\/wp\/v2\/product_cat?post=3325"},{"taxonomy":"product_tag","embeddable":true,"href":"https:\/\/hid-ration.com\/en\/wp-json\/wp\/v2\/product_tag?post=3325"}],"curies":[{"name":"wp","href":"https:\/\/api.w.org\/{rel}","templated":true}]}}