{"id":549,"date":"2022-02-03T14:19:09","date_gmt":"2022-02-03T13:19:09","guid":{"rendered":"https:\/\/hid-ration.com\/?page_id=549"},"modified":"2022-03-11T14:18:55","modified_gmt":"2022-03-11T13:18:55","slug":"anwil","status":"publish","type":"page","link":"https:\/\/hid-ration.com\/en\/anwil\/","title":{"rendered":"Osmoteq w gronie sponsor\u00f3w  ANWIL W\u0142oc\u0142awek"},"content":{"rendered":"<div data-elementor-type=\"wp-page\" data-elementor-id=\"549\" class=\"elementor elementor-549\" data-elementor-post-type=\"page\">\n\t\t\t\t\t\t<section data-particle_enable=\"false\" data-particle-mobile-disabled=\"false\" class=\"elementor-section elementor-top-section elementor-element elementor-element-91dba90 elementor-section-boxed elementor-section-height-default elementor-section-height-default\" data-id=\"91dba90\" data-element_type=\"section\">\n\t\t\t\t\t\t<div class=\"elementor-container elementor-column-gap-default\">\n\t\t\t\t\t<div class=\"elementor-column elementor-col-100 elementor-top-column elementor-element elementor-element-bf4ed96\" data-id=\"bf4ed96\" data-element_type=\"column\">\n\t\t\t<div class=\"elementor-widget-wrap elementor-element-populated\">\n\t\t\t\t\t\t<section data-particle_enable=\"false\" data-particle-mobile-disabled=\"false\" class=\"elementor-section elementor-inner-section elementor-element elementor-element-23a4a41 elementor-section-boxed elementor-section-height-default elementor-section-height-default\" data-id=\"23a4a41\" data-element_type=\"section\">\n\t\t\t\t\t\t<div class=\"elementor-container elementor-column-gap-default\">\n\t\t\t\t\t<div class=\"elementor-column elementor-col-50 elementor-inner-column elementor-element elementor-element-d0609a9\" data-id=\"d0609a9\" data-element_type=\"column\">\n\t\t\t<div class=\"elementor-widget-wrap elementor-element-populated\">\n\t\t\t\t\t\t<div class=\"elementor-element elementor-element-b83eba5 elementor-widget elementor-widget-spacer\" data-id=\"b83eba5\" data-element_type=\"widget\" data-widget_type=\"spacer.default\">\n\t\t\t\t<div class=\"elementor-widget-container\">\n\t\t\t\t\t<div class=\"elementor-spacer\">\n\t\t\t<div class=\"elementor-spacer-inner\"><\/div>\n\t\t<\/div>\n\t\t\t\t<\/div>\n\t\t\t\t<\/div>\n\t\t\t\t<div class=\"elementor-element elementor-element-96cc491 elementor-widget elementor-widget-heading\" data-id=\"96cc491\" data-element_type=\"widget\" data-widget_type=\"heading.default\">\n\t\t\t\t<div class=\"elementor-widget-container\">\n\t\t\t<h2 class=\"elementor-heading-title elementor-size-default\">HID-Ration\u2122 among the sponsors of ANWIL W\u0142oc\u0142awek.<\/h2>\t\t<\/div>\n\t\t\t\t<\/div>\n\t\t\t\t<div class=\"elementor-element elementor-element-aed21f6 elementor-widget elementor-widget-text-editor\" data-id=\"aed21f6\" data-element_type=\"widget\" data-widget_type=\"text-editor.default\">\n\t\t\t\t<div class=\"elementor-widget-container\">\n\t\t\t\t\t\t\t<p><span style=\"font-size: 14pt;\">We are pleased to announce that our hypotonic HID-Ration\u2122 will support the hydration of Anwil W\u0142oc\u0142awek players during Energa Basket League and ENBL games, and we join the group of sponsors of the team from W\u0142oc\u0142awek.<\/span><\/p><p><span style=\"color: var( --e-global-color-text ); font-family: var( --e-global-typography-text-font-family ), spartan; font-weight: var( --e-global-typography-text-font-weight ); letter-spacing: var(--bodyLetterSpacing); text-transform: var(--bodyTextTransform); font-size: 14pt;\">Read more about our collaboration at:<span style=\"text-decoration: underline;\">\u00a0<\/span><\/span><span style=\"text-decoration: underline;\"><a style=\"font-weight: var( --e-global-typography-text-font-weight ); font-size: var(--bodyFontSize); letter-spacing: var(--bodyLetterSpacing); text-transform: var(--bodyTextTransform);\" href=\"https:\/\/kkwloclawek.pl\/czytaj,aktualnosci,20220120,osmoteq-w-gronie-sponsorow\"><span style=\"font-size: 18.6667px;\">ANWIL W\u0141OC\u0141AWEK Club Website<\/span><\/a><\/span><\/p>\t\t\t\t\t\t<\/div>\n\t\t\t\t<\/div>\n\t\t\t\t\t<\/div>\n\t\t<\/div>\n\t\t\t\t<div class=\"elementor-column elementor-col-50 elementor-inner-column elementor-element elementor-element-183b2bd\" data-id=\"183b2bd\" data-element_type=\"column\">\n\t\t\t<div class=\"elementor-widget-wrap elementor-element-populated\">\n\t\t\t\t\t\t<div class=\"elementor-element elementor-element-f2e2e52 elementor-widget elementor-widget-image\" data-id=\"f2e2e52\" data-element_type=\"widget\" data-widget_type=\"image.default\">\n\t\t\t\t<div class=\"elementor-widget-container\">\n\t\t\t\t\t\t\t\t\t\t\t\t\t<img fetchpriority=\"high\" decoding=\"async\" width=\"1000\" height=\"1000\" src=\"https:\/\/hid-ration.com\/wp-content\/uploads\/2022\/02\/11111.jpg\" class=\"attachment-large size-large wp-image-1831\" alt=\"\" srcset=\"https:\/\/hid-ration.com\/wp-content\/uploads\/2022\/02\/11111.jpg 1000w, https:\/\/hid-ration.com\/wp-content\/uploads\/2022\/02\/11111-300x300.jpg 300w, https:\/\/hid-ration.com\/wp-content\/uploads\/2022\/02\/11111-150x150.jpg 150w, https:\/\/hid-ration.com\/wp-content\/uploads\/2022\/02\/11111-768x768.jpg 768w, https:\/\/hid-ration.com\/wp-content\/uploads\/2022\/02\/11111-600x600.jpg 600w, https:\/\/hid-ration.com\/wp-content\/uploads\/2022\/02\/11111-100x100.jpg 100w\" sizes=\"(max-width: 1000px) 100vw, 1000px\" \/>\t\t\t\t\t\t\t\t\t\t\t\t\t<\/div>\n\t\t\t\t<\/div>\n\t\t\t\t\t<\/div>\n\t\t<\/div>\n\t\t\t\t\t<\/div>\n\t\t<\/section>\n\t\t\t\t\t<\/div>\n\t\t<\/div>\n\t\t\t\t\t<\/div>\n\t\t<\/section>\n\t\t\t\t<\/div>","protected":false},"excerpt":{"rendered":"<p>HID-Ration\u2122 w gronie sponsor\u00f3w ANWIL W\u0142oc\u0142awek. Mi\u0142o nam poinformowa\u0107, \u017ce nasz hipotonik HID-Ration\u2122 b\u0119dzie wspiera\u0142 nawodnienie zawodnik\u00f3w Anwilu W\u0142oc\u0142awek podczas rozgrywek Energa Basket Ligi i ENBL, a my do\u0142\u0105czamy do grona sponsor\u00f3w dru\u017cyny z W\u0142oc\u0142awka. Wi\u0119cej o naszej wsp\u00f3\u0142pracy na:\u00a0Stronie Klubu ANWIL W\u0141OC\u0141AWEK<\/p>","protected":false},"author":1,"featured_media":0,"parent":0,"menu_order":0,"comment_status":"closed","ping_status":"closed","template":"page-templates\/template-pagebuilder-full-width.php","meta":{"neve_meta_sidebar":"","neve_meta_container":"","neve_meta_enable_content_width":"","neve_meta_content_width":0,"neve_meta_title_alignment":"","neve_meta_author_avatar":"","neve_post_elements_order":"","neve_meta_disable_header":"","neve_meta_disable_footer":"","neve_meta_disable_title":"","footnotes":""},"class_list":["post-549","page","type-page","status-publish","hentry"],"yoast_head":"<!-- This site is optimized with the Yoast SEO plugin v23.2 - https:\/\/yoast.com\/wordpress\/plugins\/seo\/ -->\n<title>Osmoteq w gronie sponsor\u00f3w ANWIL W\u0142oc\u0142awek - HID-RATION<\/title>\n<meta name=\"robots\" content=\"index, follow, max-snippet:-1, max-image-preview:large, max-video-preview:-1\" \/>\n<link rel=\"canonical\" href=\"https:\/\/hid-ration.com\/en\/anwil\/\" \/>\n<meta property=\"og:locale\" content=\"en_GB\" \/>\n<meta property=\"og:type\" content=\"article\" \/>\n<meta property=\"og:title\" content=\"Osmoteq w gronie sponsor\u00f3w ANWIL W\u0142oc\u0142awek - HID-RATION\" \/>\n<meta property=\"og:description\" content=\"HID-Ration\u2122 w gronie sponsor\u00f3w ANWIL W\u0142oc\u0142awek. Mi\u0142o nam poinformowa\u0107, \u017ce nasz hipotonik HID-Ration\u2122 b\u0119dzie wspiera\u0142 nawodnienie zawodnik\u00f3w Anwilu W\u0142oc\u0142awek podczas rozgrywek Energa Basket Ligi i ENBL, a my do\u0142\u0105czamy do grona sponsor\u00f3w dru\u017cyny z W\u0142oc\u0142awka. Wi\u0119cej o naszej wsp\u00f3\u0142pracy na:\u00a0Stronie Klubu ANWIL W\u0141OC\u0141AWEK\" \/>\n<meta property=\"og:url\" content=\"https:\/\/hid-ration.com\/en\/anwil\/\" \/>\n<meta property=\"og:site_name\" content=\"HID-RATION\" \/>\n<meta property=\"article:modified_time\" content=\"2022-03-11T13:18:55+00:00\" \/>\n<meta property=\"og:image\" content=\"https:\/\/hid-ration.com\/wp-content\/uploads\/2022\/02\/11111.jpg\" \/>\n<meta name=\"twitter:card\" content=\"summary_large_image\" \/>\n<script type=\"application\/ld+json\" class=\"yoast-schema-graph\">{\"@context\":\"https:\/\/schema.org\",\"@graph\":[{\"@type\":\"WebPage\",\"@id\":\"https:\/\/hid-ration.com\/anwil\/\",\"url\":\"https:\/\/hid-ration.com\/anwil\/\",\"name\":\"Osmoteq w gronie sponsor\u00f3w ANWIL W\u0142oc\u0142awek - HID-RATION\",\"isPartOf\":{\"@id\":\"https:\/\/hid-ration.com\/#website\"},\"primaryImageOfPage\":{\"@id\":\"https:\/\/hid-ration.com\/anwil\/#primaryimage\"},\"image\":{\"@id\":\"https:\/\/hid-ration.com\/anwil\/#primaryimage\"},\"thumbnailUrl\":\"https:\/\/hid-ration.com\/wp-content\/uploads\/2022\/02\/11111.jpg\",\"datePublished\":\"2022-02-03T13:19:09+00:00\",\"dateModified\":\"2022-03-11T13:18:55+00:00\",\"breadcrumb\":{\"@id\":\"https:\/\/hid-ration.com\/anwil\/#breadcrumb\"},\"inLanguage\":\"en-GB\",\"potentialAction\":[{\"@type\":\"ReadAction\",\"target\":[\"https:\/\/hid-ration.com\/anwil\/\"]}]},{\"@type\":\"ImageObject\",\"inLanguage\":\"en-GB\",\"@id\":\"https:\/\/hid-ration.com\/anwil\/#primaryimage\",\"url\":\"https:\/\/hid-ration.com\/wp-content\/uploads\/2022\/02\/11111.jpg\",\"contentUrl\":\"https:\/\/hid-ration.com\/wp-content\/uploads\/2022\/02\/11111.jpg\"},{\"@type\":\"BreadcrumbList\",\"@id\":\"https:\/\/hid-ration.com\/anwil\/#breadcrumb\",\"itemListElement\":[{\"@type\":\"ListItem\",\"position\":1,\"name\":\"Strona g\u0142\u00f3wna\",\"item\":\"https:\/\/hid-ration.com\/\"},{\"@type\":\"ListItem\",\"position\":2,\"name\":\"Osmoteq w gronie sponsor\u00f3w ANWIL W\u0142oc\u0142awek\"}]},{\"@type\":\"WebSite\",\"@id\":\"https:\/\/hid-ration.com\/#website\",\"url\":\"https:\/\/hid-ration.com\/\",\"name\":\"HID-RATION\",\"description\":\"Hipotonik, elektrolity, minera\u0142y. Gdy sama woda, to za ma\u0142o.\",\"publisher\":{\"@id\":\"https:\/\/hid-ration.com\/#organization\"},\"potentialAction\":[{\"@type\":\"SearchAction\",\"target\":{\"@type\":\"EntryPoint\",\"urlTemplate\":\"https:\/\/hid-ration.com\/?s={search_term_string}\"},\"query-input\":\"required name=search_term_string\"}],\"inLanguage\":\"en-GB\"},{\"@type\":\"Organization\",\"@id\":\"https:\/\/hid-ration.com\/#organization\",\"name\":\"HID-RATION\",\"url\":\"https:\/\/hid-ration.com\/\",\"logo\":{\"@type\":\"ImageObject\",\"inLanguage\":\"en-GB\",\"@id\":\"https:\/\/hid-ration.com\/#\/schema\/logo\/image\/\",\"url\":\"https:\/\/hid-ration.com\/wp-content\/uploads\/2022\/04\/hid-ration.png\",\"contentUrl\":\"https:\/\/hid-ration.com\/wp-content\/uploads\/2022\/04\/hid-ration.png\",\"width\":125,\"height\":125,\"caption\":\"HID-RATION\"},\"image\":{\"@id\":\"https:\/\/hid-ration.com\/#\/schema\/logo\/image\/\"}}]}<\/script>\n<!-- \/ Yoast SEO plugin. -->","yoast_head_json":{"title":"Osmoteq w gronie sponsor\u00f3w ANWIL W\u0142oc\u0142awek - HID-RATION","robots":{"index":"index","follow":"follow","max-snippet":"max-snippet:-1","max-image-preview":"max-image-preview:large","max-video-preview":"max-video-preview:-1"},"canonical":"https:\/\/hid-ration.com\/en\/anwil\/","og_locale":"en_GB","og_type":"article","og_title":"Osmoteq w gronie sponsor\u00f3w ANWIL W\u0142oc\u0142awek - HID-RATION","og_description":"HID-Ration\u2122 w gronie sponsor\u00f3w ANWIL W\u0142oc\u0142awek. Mi\u0142o nam poinformowa\u0107, \u017ce nasz hipotonik HID-Ration\u2122 b\u0119dzie wspiera\u0142 nawodnienie zawodnik\u00f3w Anwilu W\u0142oc\u0142awek podczas rozgrywek Energa Basket Ligi i ENBL, a my do\u0142\u0105czamy do grona sponsor\u00f3w dru\u017cyny z W\u0142oc\u0142awka. Wi\u0119cej o naszej wsp\u00f3\u0142pracy na:\u00a0Stronie Klubu ANWIL W\u0141OC\u0141AWEK","og_url":"https:\/\/hid-ration.com\/en\/anwil\/","og_site_name":"HID-RATION","article_modified_time":"2022-03-11T13:18:55+00:00","og_image":[{"url":"https:\/\/hid-ration.com\/wp-content\/uploads\/2022\/02\/11111.jpg"}],"twitter_card":"summary_large_image","schema":{"@context":"https:\/\/schema.org","@graph":[{"@type":"WebPage","@id":"https:\/\/hid-ration.com\/anwil\/","url":"https:\/\/hid-ration.com\/anwil\/","name":"Osmoteq w gronie sponsor\u00f3w ANWIL W\u0142oc\u0142awek - HID-RATION","isPartOf":{"@id":"https:\/\/hid-ration.com\/#website"},"primaryImageOfPage":{"@id":"https:\/\/hid-ration.com\/anwil\/#primaryimage"},"image":{"@id":"https:\/\/hid-ration.com\/anwil\/#primaryimage"},"thumbnailUrl":"https:\/\/hid-ration.com\/wp-content\/uploads\/2022\/02\/11111.jpg","datePublished":"2022-02-03T13:19:09+00:00","dateModified":"2022-03-11T13:18:55+00:00","breadcrumb":{"@id":"https:\/\/hid-ration.com\/anwil\/#breadcrumb"},"inLanguage":"en-GB","potentialAction":[{"@type":"ReadAction","target":["https:\/\/hid-ration.com\/anwil\/"]}]},{"@type":"ImageObject","inLanguage":"en-GB","@id":"https:\/\/hid-ration.com\/anwil\/#primaryimage","url":"https:\/\/hid-ration.com\/wp-content\/uploads\/2022\/02\/11111.jpg","contentUrl":"https:\/\/hid-ration.com\/wp-content\/uploads\/2022\/02\/11111.jpg"},{"@type":"BreadcrumbList","@id":"https:\/\/hid-ration.com\/anwil\/#breadcrumb","itemListElement":[{"@type":"ListItem","position":1,"name":"Strona g\u0142\u00f3wna","item":"https:\/\/hid-ration.com\/"},{"@type":"ListItem","position":2,"name":"Osmoteq w gronie sponsor\u00f3w ANWIL W\u0142oc\u0142awek"}]},{"@type":"WebSite","@id":"https:\/\/hid-ration.com\/#website","url":"https:\/\/hid-ration.com\/","name":"HID-RATION","description":"Hipotonik, elektrolity, minera\u0142y. Gdy sama woda, to za ma\u0142o.","publisher":{"@id":"https:\/\/hid-ration.com\/#organization"},"potentialAction":[{"@type":"SearchAction","target":{"@type":"EntryPoint","urlTemplate":"https:\/\/hid-ration.com\/?s={search_term_string}"},"query-input":"required name=search_term_string"}],"inLanguage":"en-GB"},{"@type":"Organization","@id":"https:\/\/hid-ration.com\/#organization","name":"HID-RATION","url":"https:\/\/hid-ration.com\/","logo":{"@type":"ImageObject","inLanguage":"en-GB","@id":"https:\/\/hid-ration.com\/#\/schema\/logo\/image\/","url":"https:\/\/hid-ration.com\/wp-content\/uploads\/2022\/04\/hid-ration.png","contentUrl":"https:\/\/hid-ration.com\/wp-content\/uploads\/2022\/04\/hid-ration.png","width":125,"height":125,"caption":"HID-RATION"},"image":{"@id":"https:\/\/hid-ration.com\/#\/schema\/logo\/image\/"}}]}},"_links":{"self":[{"href":"https:\/\/hid-ration.com\/en\/wp-json\/wp\/v2\/pages\/549","targetHints":{"allow":["GET"]}}],"collection":[{"href":"https:\/\/hid-ration.com\/en\/wp-json\/wp\/v2\/pages"}],"about":[{"href":"https:\/\/hid-ration.com\/en\/wp-json\/wp\/v2\/types\/page"}],"author":[{"embeddable":true,"href":"https:\/\/hid-ration.com\/en\/wp-json\/wp\/v2\/users\/1"}],"replies":[{"embeddable":true,"href":"https:\/\/hid-ration.com\/en\/wp-json\/wp\/v2\/comments?post=549"}],"version-history":[{"count":33,"href":"https:\/\/hid-ration.com\/en\/wp-json\/wp\/v2\/pages\/549\/revisions"}],"predecessor-version":[{"id":4946,"href":"https:\/\/hid-ration.com\/en\/wp-json\/wp\/v2\/pages\/549\/revisions\/4946"}],"wp:attachment":[{"href":"https:\/\/hid-ration.com\/en\/wp-json\/wp\/v2\/media?parent=549"}],"curies":[{"name":"wp","href":"https:\/\/api.w.org\/{rel}","templated":true}]}}