{"id":3653,"date":"2022-03-08T17:09:13","date_gmt":"2022-03-08T16:09:13","guid":{"rendered":"https:\/\/hid-ration.com\/?page_id=3653"},"modified":"2022-03-09T23:30:29","modified_gmt":"2022-03-09T22:30:29","slug":"zwroty-reklamacje","status":"publish","type":"page","link":"https:\/\/hid-ration.com\/en\/zwroty-reklamacje\/","title":{"rendered":"Zwroty\/Reklamacje"},"content":{"rendered":"<div data-elementor-type=\"wp-page\" data-elementor-id=\"3653\" class=\"elementor elementor-3653\" data-elementor-post-type=\"page\">\n\t\t\t\t\t\t<section data-particle_enable=\"false\" data-particle-mobile-disabled=\"false\" class=\"elementor-section elementor-top-section elementor-element elementor-element-213a11b elementor-section-boxed elementor-section-height-default elementor-section-height-default\" data-id=\"213a11b\" data-element_type=\"section\">\n\t\t\t\t\t\t<div class=\"elementor-container elementor-column-gap-default\">\n\t\t\t\t\t<div class=\"elementor-column elementor-col-100 elementor-top-column elementor-element elementor-element-3d1c7d2\" data-id=\"3d1c7d2\" data-element_type=\"column\">\n\t\t\t<div class=\"elementor-widget-wrap elementor-element-populated\">\n\t\t\t\t\t\t<div class=\"elementor-element elementor-element-0365e83 elementor-widget elementor-widget-heading\" data-id=\"0365e83\" data-element_type=\"widget\" data-widget_type=\"heading.default\">\n\t\t\t\t<div class=\"elementor-widget-container\">\n\t\t\t<h2 class=\"elementor-heading-title elementor-size-default\">Zwroty\/Reklamacje <\/h2>\t\t<\/div>\n\t\t\t\t<\/div>\n\t\t\t\t<div class=\"elementor-element elementor-element-e50c56c elementor-widget elementor-widget-text-editor\" data-id=\"e50c56c\" data-element_type=\"widget\" data-widget_type=\"text-editor.default\">\n\t\t\t\t<div class=\"elementor-widget-container\">\n\t\t\t\t\t\t\t<ol><li>Pobierz formularz zwrotu i uzupe\u0142nij go oraz do\u0142\u0105cz do zwracanych produkt\u00f3w. (Je\u015bli nie masz mo\u017cliwo\u015bci wydrukowania formularza, mo\u017cesz wypisa\u0107 go r\u0119cznie. Wa\u017cne aby zawiera\u0142 wszystkie dane, kt\u00f3re s\u0105 we wzorze)<\/li><\/ol><p>\u00a0\u00a0\u00a0<a href=\"https:\/\/hid-ration.com\/wp-content\/uploads\/2022\/03\/formularz-zwrotu.pdf\">\u00a0\u00a0\u00a0\u00a0\u00a0\u00a0\u00a0\u00a0 <u>FORMULARZ DO POBRANIA<\/u><\/a><\/p><ol><li>Spakuj rzeczy wraz z wype\u0142nionym formularzem i wy\u015blij na adres:<\/li><\/ol><p>Osmoteq sp. z o.o. <br \/>ul Toru\u0144ska 148, 87-800 W\u0142oc\u0142awek, <br \/><a href=\"mailto:info@hid-ration.com\">info@hid-ration.com<\/a>, +48\u00a0512\u00a0942\u00a0282<\/p><p>lub<\/p><p>Paczkomat WLO14N\u00a0 \u00a0 \u00a0 \u00a0<\/p><p>(Aby usprawni\u0107 proces zwrotu prosimy aby wysy\u0142a\u0107 za pomoc\u0105 innej firmy kurierskiej ni\u017c Poczta Polska)<\/p><ol><li>Towar powinien pozosta\u0107 nie otwarty je\u015bli jest produktem do spo\u017cycia, natomiast je\u015bli jest zwyk\u0142ym produktem nie mo\u017ce by\u0107 uszkodzony.<\/li><li>klient ponosi odpowiedzialno\u015b\u0107 za zwrot rzeczy uszkodzonej. (warto\u015b\u0107 zwrotu mo\u017ce zosta\u0107 pomniejszona o warto\u015b\u0107 uszkodzenia)<\/li><li>Zwracane towar powinny posiada\u0107 wszystkie oryginalne metki papierowe, jest to kolejna postawa do zatwierdzenia zwrotu.<\/li><\/ol><ol><li>Sprzedaj\u0105cy zobowi\u0105zuje si\u0119 do rozpatrzenia zwrotu w ci\u0105gu 14 dni od dnia dostarczenia zwrotu.<\/li><li>Towar powinien by\u0107 zabezpieczony. Sprzedaj\u0105cy nie odpowiada za wady powsta\u0142e podczas transportu.<\/li><li>Na realizacj\u0119 zwrotu mamy ustawowo 14 dni roboczych, jednak staramy si\u0119 realizowa\u0107 je dwa razy w tygodniu.<\/li><li>Zwrot liczy si\u0119 14 dni roboczych od dnia dostarczenia<\/li><li>Dzie\u0144 nadania oznacza dzie\u0144 zwrotu.<\/li><\/ol><ol><li>Koszty przesy\u0142ki zwrotnej ponosi kupuj\u0105cy.<\/li><\/ol><p>Chcesz zareklamowa\u0107 produkt? Napisz do nas na <a href=\"mailto:kontakt@hid-ration.com\">kontakt@hid-ration.com<\/a> i wype\u0142nij formularz reklamacyjny, kt\u00f3ry jest do pobrania <a href=\"https:\/\/hid-ration.com\/wp-content\/uploads\/2022\/03\/formularz-zwrotu.pdf\">TUTAJ<\/a>. Do wydrukowanego, wype\u0142nionego formularza do\u0142\u0105cz dow\u00f3d zakupu oraz reklamowany produkt i wy\u015blij ca\u0142o\u015b\u0107 na adres podany w punkcie 2.<\/p><p>Reklamacja zostanie rozpatrzona wci\u0105gu 14 dni roboczych. Wszystkie produkty dost\u0119pne w naszym sklepie s\u0105 fabrycznie nowe i obj\u0119te dwuletni\u0105 gwarancj\u0105. Reklamacja obejmuje wy\u0142\u0105cznie wady i uszkodzenia nie wynikaj\u0105ce z niew\u0142a\u015bciwego u\u017cytkowania produktu.<\/p>\t\t\t\t\t\t<\/div>\n\t\t\t\t<\/div>\n\t\t\t\t\t<\/div>\n\t\t<\/div>\n\t\t\t\t\t<\/div>\n\t\t<\/section>\n\t\t\t\t<\/div>","protected":false},"excerpt":{"rendered":"<p>Zwroty\/Reklamacje Pobierz formularz zwrotu i uzupe\u0142nij go oraz do\u0142\u0105cz do zwracanych produkt\u00f3w. (Je\u015bli nie masz mo\u017cliwo\u015bci wydrukowania formularza, mo\u017cesz wypisa\u0107 go r\u0119cznie. Wa\u017cne aby zawiera\u0142 wszystkie dane, kt\u00f3re s\u0105 we wzorze) \u00a0\u00a0\u00a0\u00a0\u00a0\u00a0\u00a0\u00a0\u00a0\u00a0\u00a0 FORMULARZ DO POBRANIA Spakuj rzeczy wraz z wype\u0142nionym formularzem i wy\u015blij na adres: Osmoteq sp. z o.o. ul Toru\u0144ska 148, 87-800 W\u0142oc\u0142awek, info@hid-ration.com,&hellip;&nbsp;<a href=\"https:\/\/hid-ration.com\/en\/zwroty-reklamacje\/\" class=\"\" rel=\"bookmark\">Read More &raquo;<span class=\"screen-reader-text\">Zwroty\/Reklamacje<\/span><\/a><\/p>","protected":false},"author":1,"featured_media":0,"parent":0,"menu_order":0,"comment_status":"closed","ping_status":"closed","template":"page-templates\/template-pagebuilder-full-width.php","meta":{"neve_meta_sidebar":"","neve_meta_container":"","neve_meta_enable_content_width":"","neve_meta_content_width":0,"neve_meta_title_alignment":"","neve_meta_author_avatar":"","neve_post_elements_order":"","neve_meta_disable_header":"","neve_meta_disable_footer":"","neve_meta_disable_title":"","footnotes":""},"class_list":["post-3653","page","type-page","status-publish","hentry"],"yoast_head":"<!-- This site is optimized with the Yoast SEO plugin v23.2 - https:\/\/yoast.com\/wordpress\/plugins\/seo\/ -->\n<title>Zwroty\/Reklamacje - HID-RATION<\/title>\n<meta name=\"robots\" content=\"index, follow, max-snippet:-1, max-image-preview:large, max-video-preview:-1\" \/>\n<link rel=\"canonical\" href=\"https:\/\/hid-ration.com\/en\/zwroty-reklamacje\/\" \/>\n<meta property=\"og:locale\" content=\"en_GB\" \/>\n<meta property=\"og:type\" content=\"article\" \/>\n<meta property=\"og:title\" content=\"Zwroty\/Reklamacje - HID-RATION\" \/>\n<meta property=\"og:description\" content=\"Zwroty\/Reklamacje Pobierz formularz zwrotu i uzupe\u0142nij go oraz do\u0142\u0105cz do zwracanych produkt\u00f3w. (Je\u015bli nie masz mo\u017cliwo\u015bci wydrukowania formularza, mo\u017cesz wypisa\u0107 go r\u0119cznie. Wa\u017cne aby zawiera\u0142 wszystkie dane, kt\u00f3re s\u0105 we wzorze) \u00a0\u00a0\u00a0\u00a0\u00a0\u00a0\u00a0\u00a0\u00a0\u00a0\u00a0 FORMULARZ DO POBRANIA Spakuj rzeczy wraz z wype\u0142nionym formularzem i wy\u015blij na adres: Osmoteq sp. z o.o. ul Toru\u0144ska 148, 87-800 W\u0142oc\u0142awek, info@hid-ration.com,&hellip;&nbsp;Read More &raquo;Zwroty\/Reklamacje\" \/>\n<meta property=\"og:url\" content=\"https:\/\/hid-ration.com\/en\/zwroty-reklamacje\/\" \/>\n<meta property=\"og:site_name\" content=\"HID-RATION\" \/>\n<meta property=\"article:modified_time\" content=\"2022-03-09T22:30:29+00:00\" \/>\n<meta name=\"twitter:card\" content=\"summary_large_image\" \/>\n<meta name=\"twitter:label1\" content=\"Estimated reading time\" \/>\n\t<meta name=\"twitter:data1\" content=\"1 minute\" \/>\n<script type=\"application\/ld+json\" class=\"yoast-schema-graph\">{\"@context\":\"https:\/\/schema.org\",\"@graph\":[{\"@type\":\"WebPage\",\"@id\":\"https:\/\/hid-ration.com\/zwroty-reklamacje\/\",\"url\":\"https:\/\/hid-ration.com\/zwroty-reklamacje\/\",\"name\":\"Zwroty\/Reklamacje - HID-RATION\",\"isPartOf\":{\"@id\":\"https:\/\/hid-ration.com\/#website\"},\"datePublished\":\"2022-03-08T16:09:13+00:00\",\"dateModified\":\"2022-03-09T22:30:29+00:00\",\"breadcrumb\":{\"@id\":\"https:\/\/hid-ration.com\/zwroty-reklamacje\/#breadcrumb\"},\"inLanguage\":\"en-GB\",\"potentialAction\":[{\"@type\":\"ReadAction\",\"target\":[\"https:\/\/hid-ration.com\/zwroty-reklamacje\/\"]}]},{\"@type\":\"BreadcrumbList\",\"@id\":\"https:\/\/hid-ration.com\/zwroty-reklamacje\/#breadcrumb\",\"itemListElement\":[{\"@type\":\"ListItem\",\"position\":1,\"name\":\"Strona g\u0142\u00f3wna\",\"item\":\"https:\/\/hid-ration.com\/\"},{\"@type\":\"ListItem\",\"position\":2,\"name\":\"Zwroty\/Reklamacje\"}]},{\"@type\":\"WebSite\",\"@id\":\"https:\/\/hid-ration.com\/#website\",\"url\":\"https:\/\/hid-ration.com\/\",\"name\":\"HID-RATION\",\"description\":\"Hipotonik, elektrolity, minera\u0142y. Gdy sama woda, to za ma\u0142o.\",\"publisher\":{\"@id\":\"https:\/\/hid-ration.com\/#organization\"},\"potentialAction\":[{\"@type\":\"SearchAction\",\"target\":{\"@type\":\"EntryPoint\",\"urlTemplate\":\"https:\/\/hid-ration.com\/?s={search_term_string}\"},\"query-input\":\"required name=search_term_string\"}],\"inLanguage\":\"en-GB\"},{\"@type\":\"Organization\",\"@id\":\"https:\/\/hid-ration.com\/#organization\",\"name\":\"HID-RATION\",\"url\":\"https:\/\/hid-ration.com\/\",\"logo\":{\"@type\":\"ImageObject\",\"inLanguage\":\"en-GB\",\"@id\":\"https:\/\/hid-ration.com\/#\/schema\/logo\/image\/\",\"url\":\"https:\/\/hid-ration.com\/wp-content\/uploads\/2022\/04\/hid-ration.png\",\"contentUrl\":\"https:\/\/hid-ration.com\/wp-content\/uploads\/2022\/04\/hid-ration.png\",\"width\":125,\"height\":125,\"caption\":\"HID-RATION\"},\"image\":{\"@id\":\"https:\/\/hid-ration.com\/#\/schema\/logo\/image\/\"}}]}<\/script>\n<!-- \/ Yoast SEO plugin. -->","yoast_head_json":{"title":"Zwroty\/Reklamacje - HID-RATION","robots":{"index":"index","follow":"follow","max-snippet":"max-snippet:-1","max-image-preview":"max-image-preview:large","max-video-preview":"max-video-preview:-1"},"canonical":"https:\/\/hid-ration.com\/en\/zwroty-reklamacje\/","og_locale":"en_GB","og_type":"article","og_title":"Zwroty\/Reklamacje - HID-RATION","og_description":"Zwroty\/Reklamacje Pobierz formularz zwrotu i uzupe\u0142nij go oraz do\u0142\u0105cz do zwracanych produkt\u00f3w. (Je\u015bli nie masz mo\u017cliwo\u015bci wydrukowania formularza, mo\u017cesz wypisa\u0107 go r\u0119cznie. Wa\u017cne aby zawiera\u0142 wszystkie dane, kt\u00f3re s\u0105 we wzorze) \u00a0\u00a0\u00a0\u00a0\u00a0\u00a0\u00a0\u00a0\u00a0\u00a0\u00a0 FORMULARZ DO POBRANIA Spakuj rzeczy wraz z wype\u0142nionym formularzem i wy\u015blij na adres: Osmoteq sp. z o.o. ul Toru\u0144ska 148, 87-800 W\u0142oc\u0142awek, info@hid-ration.com,&hellip;&nbsp;Read More &raquo;Zwroty\/Reklamacje","og_url":"https:\/\/hid-ration.com\/en\/zwroty-reklamacje\/","og_site_name":"HID-RATION","article_modified_time":"2022-03-09T22:30:29+00:00","twitter_card":"summary_large_image","twitter_misc":{"Estimated reading time":"1 minute"},"schema":{"@context":"https:\/\/schema.org","@graph":[{"@type":"WebPage","@id":"https:\/\/hid-ration.com\/zwroty-reklamacje\/","url":"https:\/\/hid-ration.com\/zwroty-reklamacje\/","name":"Zwroty\/Reklamacje - HID-RATION","isPartOf":{"@id":"https:\/\/hid-ration.com\/#website"},"datePublished":"2022-03-08T16:09:13+00:00","dateModified":"2022-03-09T22:30:29+00:00","breadcrumb":{"@id":"https:\/\/hid-ration.com\/zwroty-reklamacje\/#breadcrumb"},"inLanguage":"en-GB","potentialAction":[{"@type":"ReadAction","target":["https:\/\/hid-ration.com\/zwroty-reklamacje\/"]}]},{"@type":"BreadcrumbList","@id":"https:\/\/hid-ration.com\/zwroty-reklamacje\/#breadcrumb","itemListElement":[{"@type":"ListItem","position":1,"name":"Strona g\u0142\u00f3wna","item":"https:\/\/hid-ration.com\/"},{"@type":"ListItem","position":2,"name":"Zwroty\/Reklamacje"}]},{"@type":"WebSite","@id":"https:\/\/hid-ration.com\/#website","url":"https:\/\/hid-ration.com\/","name":"HID-RATION","description":"Hipotonik, elektrolity, minera\u0142y. Gdy sama woda, to za ma\u0142o.","publisher":{"@id":"https:\/\/hid-ration.com\/#organization"},"potentialAction":[{"@type":"SearchAction","target":{"@type":"EntryPoint","urlTemplate":"https:\/\/hid-ration.com\/?s={search_term_string}"},"query-input":"required name=search_term_string"}],"inLanguage":"en-GB"},{"@type":"Organization","@id":"https:\/\/hid-ration.com\/#organization","name":"HID-RATION","url":"https:\/\/hid-ration.com\/","logo":{"@type":"ImageObject","inLanguage":"en-GB","@id":"https:\/\/hid-ration.com\/#\/schema\/logo\/image\/","url":"https:\/\/hid-ration.com\/wp-content\/uploads\/2022\/04\/hid-ration.png","contentUrl":"https:\/\/hid-ration.com\/wp-content\/uploads\/2022\/04\/hid-ration.png","width":125,"height":125,"caption":"HID-RATION"},"image":{"@id":"https:\/\/hid-ration.com\/#\/schema\/logo\/image\/"}}]}},"_links":{"self":[{"href":"https:\/\/hid-ration.com\/en\/wp-json\/wp\/v2\/pages\/3653","targetHints":{"allow":["GET"]}}],"collection":[{"href":"https:\/\/hid-ration.com\/en\/wp-json\/wp\/v2\/pages"}],"about":[{"href":"https:\/\/hid-ration.com\/en\/wp-json\/wp\/v2\/types\/page"}],"author":[{"embeddable":true,"href":"https:\/\/hid-ration.com\/en\/wp-json\/wp\/v2\/users\/1"}],"replies":[{"embeddable":true,"href":"https:\/\/hid-ration.com\/en\/wp-json\/wp\/v2\/comments?post=3653"}],"version-history":[{"count":3,"href":"https:\/\/hid-ration.com\/en\/wp-json\/wp\/v2\/pages\/3653\/revisions"}],"predecessor-version":[{"id":4415,"href":"https:\/\/hid-ration.com\/en\/wp-json\/wp\/v2\/pages\/3653\/revisions\/4415"}],"wp:attachment":[{"href":"https:\/\/hid-ration.com\/en\/wp-json\/wp\/v2\/media?parent=3653"}],"curies":[{"name":"wp","href":"https:\/\/api.w.org\/{rel}","templated":true}]}}